{"id":155,"date":"2022-05-02T16:05:23","date_gmt":"2022-05-02T14:05:23","guid":{"rendered":"http:\/\/abchaldus.ee\/?page_id=155"},"modified":"2024-09-13T12:53:51","modified_gmt":"2024-09-13T10:53:51","slug":"meist","status":"publish","type":"page","link":"https:\/\/abchaldus.ee\/","title":{"rendered":"Meist"},"content":{"rendered":"<p><strong>ABC Haldus O\u00dc<\/strong> on 2004 aastal asutatud ettev\u00f5te, mille peamisteks tegevusvaldkondadeks on <strong>elamute ja \u00e4rihoonete haldamine ja hooldamine<\/strong>. Meie peamine eesm\u00e4rk on pakkuda oma klientidele professionaalset <strong>haldus\u2013, hooldus\u2013 ja heakorrateenust<\/strong>. Et t\u00e4psemat infot meie teenustest leida, valige selle nimi \u00fclevalt men\u00fc\u00fcs.<\/p>\n\n\n<figure class=\"wp-block-image size-large\"><img loading=\"lazy\" decoding=\"async\" width=\"1024\" height=\"475\" src=\"http:\/\/abchaldus.ee\/wp-content\/uploads\/2022\/05\/IMGP2603-1024x475.jpg\" alt=\"\" class=\"wp-image-162\" srcset=\"https:\/\/abchaldus.ee\/wp-content\/uploads\/2022\/05\/IMGP2603-1024x475.jpg 1024w, https:\/\/abchaldus.ee\/wp-content\/uploads\/2022\/05\/IMGP2603-300x139.jpg 300w, https:\/\/abchaldus.ee\/wp-content\/uploads\/2022\/05\/IMGP2603-768x356.jpg 768w, https:\/\/abchaldus.ee\/wp-content\/uploads\/2022\/05\/IMGP2603.jpg 1079w\" sizes=\"auto, (max-width: 1024px) 100vw, 1024px\" \/><\/figure>\n\n\n\n<p><strong>Aadress: <\/strong>Sepise tn 1, 11415 Tallinn <strong>Telefon:<\/strong> 600 1521 <strong>E-post:<\/strong> <a href=\"mailto:info@abchaldus.ee\">info@abchaldus.ee<\/a><\/p>\n","protected":false},"excerpt":{"rendered":"<p>ABC Haldus O\u00dc on 2004 aastal asutatud ettev\u00f5te, mille peamisteks tegevusvaldkondadeks on elamute ja \u00e4rihoonete haldamine ja hooldamine. Meie peamine eesm\u00e4rk on pakkuda oma klientidele professionaalset haldus\u2013, hooldus\u2013 ja heakorrateenust. Et t\u00e4psemat infot meie teenustest leida, valige selle nimi \u00fclevalt men\u00fc\u00fcs. Aadress: Sepise tn 1, 11415 Tallinn Telefon: 600 1521 E-post: info@abchaldus.ee<\/p>\n","protected":false},"author":1,"featured_media":0,"parent":0,"menu_order":0,"comment_status":"closed","ping_status":"closed","template":"","meta":{"footnotes":""},"class_list":["post-155","page","type-page","status-publish","hentry"],"_links":{"self":[{"href":"https:\/\/abchaldus.ee\/index.php?rest_route=\/wp\/v2\/pages\/155","targetHints":{"allow":["GET"]}}],"collection":[{"href":"https:\/\/abchaldus.ee\/index.php?rest_route=\/wp\/v2\/pages"}],"about":[{"href":"https:\/\/abchaldus.ee\/index.php?rest_route=\/wp\/v2\/types\/page"}],"author":[{"embeddable":true,"href":"https:\/\/abchaldus.ee\/index.php?rest_route=\/wp\/v2\/users\/1"}],"replies":[{"embeddable":true,"href":"https:\/\/abchaldus.ee\/index.php?rest_route=%2Fwp%2Fv2%2Fcomments&post=155"}],"version-history":[{"count":17,"href":"https:\/\/abchaldus.ee\/index.php?rest_route=\/wp\/v2\/pages\/155\/revisions"}],"predecessor-version":[{"id":277,"href":"https:\/\/abchaldus.ee\/index.php?rest_route=\/wp\/v2\/pages\/155\/revisions\/277"}],"wp:attachment":[{"href":"https:\/\/abchaldus.ee\/index.php?rest_route=%2Fwp%2Fv2%2Fmedia&parent=155"}],"curies":[{"name":"wp","href":"https:\/\/api.w.org\/{rel}","templated":true}]}}